{"id":83,"date":"2026-03-25T12:21:48","date_gmt":"2026-03-25T12:21:48","guid":{"rendered":"https:\/\/holaspanishonline.courses\/?page_id=83"},"modified":"2026-03-29T05:37:45","modified_gmt":"2026-03-29T05:37:45","slug":"politica-de-privacidad","status":"publish","type":"page","link":"https:\/\/holaspanishonline.courses\/fr\/politica-de-privacidad\/","title":{"rendered":"Politique de confidentialit\u00e9"},"content":{"rendered":"<div data-elementor-type=\"wp-page\" data-elementor-id=\"83\" class=\"elementor elementor-83\">\n\t\t\t\t\t\t<section class=\"elementor-section elementor-top-section elementor-element elementor-element-4f21c0b elementor-section-boxed elementor-section-height-default elementor-section-height-default\" data-id=\"4f21c0b\" data-element_type=\"section\" data-e-type=\"section\">\n\t\t\t\t\t\t<div class=\"elementor-container elementor-column-gap-default\">\n\t\t\t\t\t<div class=\"elementor-column elementor-col-100 elementor-top-column elementor-element elementor-element-3e2cb98\" data-id=\"3e2cb98\" data-element_type=\"column\" data-e-type=\"column\">\n\t\t\t<div class=\"elementor-widget-wrap elementor-element-populated\">\n\t\t\t\t\t\t<div class=\"elementor-element elementor-element-5910341 elementor-widget elementor-widget-text-editor\" data-id=\"5910341\" data-element_type=\"widget\" data-e-type=\"widget\" data-widget_type=\"text-editor.default\">\n\t\t\t\t\t\t\t\t\t<h2 style=\"text-align: center;\" data-path-to-node=\"1\">Pol\u00edtica de reembolso y cancelaci\u00f3n<\/h2><p data-path-to-node=\"2\"><b data-path-to-node=\"2\" data-index-in-node=\"0\">Resumen<\/b> nuestra pol\u00edtica de reembolso y cancelaci\u00f3n se aplica en funci\u00f3n de todos los criterios establecidos a continuaci\u00f3n.<\/p><p data-path-to-node=\"3\"><b data-path-to-node=\"3\" data-index-in-node=\"0\">Reembolsos o cancelaciones<\/b> si se aprueba, se procesar\u00e1 su reembolso y se aplicar\u00e1 autom\u00e1ticamente un cr\u00e9dito a su tarjeta de cr\u00e9dito o m\u00e9todo de pago original, dentro de una cierta cantidad de d\u00edas. tambi\u00e9n le notificaremos la aprobaci\u00f3n o el rechazo de su reembolso. cualquier reembolso o cancelaci\u00f3n debe tener en cuenta los siguientes t\u00e9rminos y condiciones.<\/p><p data-path-to-node=\"4\"><b data-path-to-node=\"4\" data-index-in-node=\"0\">T\u00e9rminos y condiciones<\/b><\/p><ul data-path-to-node=\"5\"><li><p data-path-to-node=\"5,0,0\">el pago de las clases se realiza a trav\u00e9s de woocommerce, una forma segura de pagar mediante tarjeta de d\u00e9bito o cr\u00e9dito o transferencia bancaria.<\/p><\/li><li><p data-path-to-node=\"5,1,0\">las lecciones se pagan por adelantado, pero nunca perder\u00e1 su dinero al cambiar el d\u00eda o la hora de la clase.<\/p><\/li><li><p data-path-to-node=\"5,2,0\">la pol\u00edtica de cancelaci\u00f3n y cambio es de 24 horas de antelaci\u00f3n por correo electr\u00f3nico. las cancelaciones o cambios realizados dentro de las 24 horas antes del inicio de la clase se cobrar\u00e1n al estudiante.<\/p><\/li><li><p data-path-to-node=\"5,3,0\">las ausencias sin previo aviso (no-shows) ser\u00e1n cobradas.<\/p><\/li><li><p data-path-to-node=\"5,4,0\">los horarios y la fecha de las clases se confirmar\u00e1n antes de que se realice el pago.<\/p><\/li><li><p data-path-to-node=\"5,5,0\">despu\u00e9s de finalizar su reserva, recibir\u00e1 una confirmaci\u00f3n de su pago por correo electr\u00f3nico.<\/p><\/li><li><p data-path-to-node=\"5,6,0\">todas las transacciones son finales. no hay reembolsos por clases.<\/p><\/li><li><p data-path-to-node=\"5,7,0\">todos los paquetes caducan a los 6 meses del d\u00eda de inicio del pago.<\/p><\/li><\/ul><p data-path-to-node=\"6\"><strong>Reembolsos atrasados o faltantes<\/strong><\/p><ul data-path-to-node=\"7\"><li><p data-path-to-node=\"7,0,0\">si a\u00fan no ha recibido un reembolso, primero revise de nuevo su cuenta bancaria.<\/p><\/li><li><p data-path-to-node=\"7,1,0\">luego comun\u00edquese con la compa\u00f1\u00eda de su tarjeta de cr\u00e9dito; puede pasar alg\u00fan tiempo antes de que su reembolso se publique oficialmente.<\/p><\/li><li><p data-path-to-node=\"7,2,0\">a continuaci\u00f3n, contacte a su banco. a menudo hay un tiempo de procesamiento antes de que se publique un reembolso.<\/p><\/li><li><p data-path-to-node=\"7,3,0\">si ha hecho todo esto y a\u00fan no ha recibido su reembolso, por favor cont\u00e1ctenos en hola.espagnol.spanish.com<\/p><\/li><\/ul><p data-path-to-node=\"8\"><b data-path-to-node=\"8\" data-index-in-node=\"0\">Pago y tarifas<\/b><\/p><ul data-path-to-node=\"9\"><li><p data-path-to-node=\"9,0,0\">el pago total debe realizarse antes del inicio de la lecci\u00f3n en su totalidad. ambas partes deben acordar una hora antes de que se env\u00ede el pago.<\/p><\/li><li><p data-path-to-node=\"9,1,0\">spanishwithjimmy no es responsable de ninguna tarifa bancaria adicional, cargos por intereses, cargos financieros, cargos por sobregiro u otras tarifas.<\/p><\/li><li><p data-path-to-node=\"9,2,0\">me reservo el derecho de cambiar mis tarifas, pero le notificar\u00e9 con antelaci\u00f3n cualquier aumento.<\/p><\/li><\/ul><p data-path-to-node=\"10\"><b data-path-to-node=\"10\" data-index-in-node=\"0\">Bloques de lecciones<\/b> si se reserva un bloque de 5, 10 o 20 lecciones, estas deben tomarse dentro de los 6 meses posteriores al d\u00eda del pago.<\/p><p data-path-to-node=\"11\"><b data-path-to-node=\"11\" data-index-in-node=\"0\">Vacaciones y d\u00edas por enfermedad \u2013 profesor<\/b> las vacaciones se conocer\u00e1n con antelaci\u00f3n. si por cualquier motivo el profesor no puede asistir a la lecci\u00f3n, el pago enviado podr\u00e1 utilizarse para programar una clase futura. si lo prefiere, se le har\u00e1 un reembolso.<\/p><p data-path-to-node=\"12\"><b data-path-to-node=\"12\" data-index-in-node=\"0\">Clases grupales<\/b> el pago de las clases grupales se realiza por mes.<\/p><p data-path-to-node=\"13\"><b data-path-to-node=\"13\" data-index-in-node=\"0\">\u00bfNecesita ayuda?<\/b> si tiene m\u00e1s preguntas, no dude en ponerse en contacto conmigo por correo electr\u00f3nico en hola.espagnol.spanish.com para preguntas o asuntos relacionados con reembolsos y cancelaciones.<\/p>\t\t\t\t\t\t\t\t<\/div>\n\t\t\t\t\t<\/div>\n\t\t<\/div>\n\t\t\t\t\t<\/div>\n\t\t<\/section>\n\t\t\t\t<\/div>","protected":false},"excerpt":{"rendered":"<p>Pol\u00edtica de reembolso y cancelaci\u00f3n Resumen nuestra pol\u00edtica de reembolso y cancelaci\u00f3n se aplica en funci\u00f3n de todos los criterios establecidos a continuaci\u00f3n. Reembolsos o cancelaciones si se aprueba, se procesar\u00e1 su reembolso y se aplicar\u00e1 autom\u00e1ticamente un cr\u00e9dito a su tarjeta de cr\u00e9dito o m\u00e9todo de pago original, dentro de una cierta cantidad de&#8230;<\/p>","protected":false},"author":1,"featured_media":0,"parent":0,"menu_order":0,"comment_status":"closed","ping_status":"closed","template":"","meta":{"_kad_post_transparent":"","_kad_post_title":"hide","_kad_post_layout":"fullwidth","_kad_post_sidebar_id":"","_kad_post_content_style":"unboxed","_kad_post_vertical_padding":"hide","_kad_post_feature":"hide","_kad_post_feature_position":"","_kad_post_header":false,"_kad_post_footer":false,"_kad_post_classname":"","footnotes":""},"class_list":["post-83","page","type-page","status-publish","hentry"],"_links":{"self":[{"href":"https:\/\/holaspanishonline.courses\/fr\/wp-json\/wp\/v2\/pages\/83","targetHints":{"allow":["GET"]}}],"collection":[{"href":"https:\/\/holaspanishonline.courses\/fr\/wp-json\/wp\/v2\/pages"}],"about":[{"href":"https:\/\/holaspanishonline.courses\/fr\/wp-json\/wp\/v2\/types\/page"}],"author":[{"embeddable":true,"href":"https:\/\/holaspanishonline.courses\/fr\/wp-json\/wp\/v2\/users\/1"}],"replies":[{"embeddable":true,"href":"https:\/\/holaspanishonline.courses\/fr\/wp-json\/wp\/v2\/comments?post=83"}],"version-history":[{"count":25,"href":"https:\/\/holaspanishonline.courses\/fr\/wp-json\/wp\/v2\/pages\/83\/revisions"}],"predecessor-version":[{"id":716,"href":"https:\/\/holaspanishonline.courses\/fr\/wp-json\/wp\/v2\/pages\/83\/revisions\/716"}],"wp:attachment":[{"href":"https:\/\/holaspanishonline.courses\/fr\/wp-json\/wp\/v2\/media?parent=83"}],"curies":[{"name":"wp","href":"https:\/\/api.w.org\/{rel}","templated":true}]}}