{"id":22,"date":"2026-03-25T10:46:15","date_gmt":"2026-03-25T10:46:15","guid":{"rendered":"https:\/\/holaspanishonline.courses\/?page_id=22"},"modified":"2026-03-29T21:05:05","modified_gmt":"2026-03-29T21:05:05","slug":"sobre-jimmy","status":"publish","type":"page","link":"https:\/\/holaspanishonline.courses\/fr\/sobre-jimmy\/","title":{"rendered":"\u00c0 PROPOS DE JIMMY"},"content":{"rendered":"<div data-elementor-type=\"wp-page\" data-elementor-id=\"22\" class=\"elementor elementor-22\">\n\t\t\t\t\t\t<section class=\"elementor-section elementor-top-section elementor-element elementor-element-8dd0674 elementor-section-full_width elementor-section-height-min-height elementor-section-height-default elementor-section-items-middle\" data-id=\"8dd0674\" data-element_type=\"section\" data-e-type=\"section\" data-settings=\"{&quot;background_background&quot;:&quot;classic&quot;}\">\n\t\t\t\t\t\t\t<div class=\"elementor-background-overlay\"><\/div>\n\t\t\t\t\t\t\t<div class=\"elementor-container elementor-column-gap-no\">\n\t\t\t\t\t<div class=\"elementor-column elementor-col-100 elementor-top-column elementor-element elementor-element-0185117\" data-id=\"0185117\" data-element_type=\"column\" data-e-type=\"column\">\n\t\t\t<div class=\"elementor-widget-wrap elementor-element-populated\">\n\t\t\t\t\t\t<div class=\"elementor-element elementor-element-2aae9dd elementor-widget elementor-widget-heading\" data-id=\"2aae9dd\" data-element_type=\"widget\" data-e-type=\"widget\" data-widget_type=\"heading.default\">\n\t\t\t\t\t<h2 class=\"elementor-heading-title elementor-size-default\">Sur moi <\/h2>\t\t\t\t<\/div>\n\t\t\t\t<div class=\"elementor-element elementor-element-031d6da elementor-widget-divider--view-line elementor-widget elementor-widget-divider\" data-id=\"031d6da\" data-element_type=\"widget\" data-e-type=\"widget\" data-widget_type=\"divider.default\">\n\t\t\t\t\t\t\t<div class=\"elementor-divider\">\n\t\t\t<span class=\"elementor-divider-separator\">\n\t\t\t\t\t\t<\/span>\n\t\t<\/div>\n\t\t\t\t\t\t<\/div>\n\t\t\t\t\t<\/div>\n\t\t<\/div>\n\t\t\t\t\t<\/div>\n\t\t<\/section>\n\t\t\t\t<section class=\"elementor-section elementor-top-section elementor-element elementor-element-34369f9 elementor-section-full_width elementor-section-height-default elementor-section-height-default\" data-id=\"34369f9\" data-element_type=\"section\" data-e-type=\"section\">\n\t\t\t\t\t\t<div class=\"elementor-container elementor-column-gap-no\">\n\t\t\t\t\t<div class=\"elementor-column elementor-col-50 elementor-top-column elementor-element elementor-element-4cf4088\" data-id=\"4cf4088\" data-element_type=\"column\" data-e-type=\"column\">\n\t\t\t<div class=\"elementor-widget-wrap elementor-element-populated\">\n\t\t\t\t\t\t<div class=\"elementor-element elementor-element-26e34bc elementor-widget elementor-widget-text-editor\" data-id=\"26e34bc\" data-element_type=\"widget\" data-e-type=\"widget\" data-widget_type=\"text-editor.default\">\n\t\t\t\t\t\t\t\t\t<p>Salut! Je suis originaire du pays et de la ville qui compte le plus d'hispanophones au monde, c'est-\u00e0-dire du Mexique et de sa capitale, Mexico.<\/p><p>Vous trouverez peut-\u00eatre curieux qu'un professeur d'espagnol comme moi s'appelle Jimmy et oui, la v\u00e9rit\u00e9 est qu'un nom comme le mien est rare dans le monde hispanophone. Alors aussi, si vous pr\u00e9f\u00e9rez, vous pouvez m'appeler Jaime, qui est la version espagnole de mon nom.<\/p><p>Mais, s'il vous pla\u00eet, laisse-moi te raconter rapidement l'anecdote sur mon nom. Dans les jours recul\u00e9s de la fin des ann\u00e9es 1970, l'athl\u00e8te le plus titr\u00e9 de l'\u00e9poque \u00e9tait le joueur de tennis am\u00e9ricain Jimmy Connors. Et mes parents, plus qu'admirant \u00e0 quel point ce personnage \u00e9tait un bon joueur, ils aimaient beaucoup son nom, alors ils ont nomm\u00e9 ce petit mexicain Jimmy.<\/p>\t\t\t\t\t\t\t\t<\/div>\n\t\t\t\t\t<\/div>\n\t\t<\/div>\n\t\t\t\t<div class=\"elementor-column elementor-col-50 elementor-top-column elementor-element elementor-element-be2db9c\" data-id=\"be2db9c\" data-element_type=\"column\" data-e-type=\"column\">\n\t\t\t<div class=\"elementor-widget-wrap elementor-element-populated\">\n\t\t\t\t\t\t<div class=\"elementor-element elementor-element-de8c425 elementor-widget elementor-widget-image\" data-id=\"de8c425\" data-element_type=\"widget\" data-e-type=\"widget\" data-widget_type=\"image.default\">\n\t\t\t\t\t\t\t\t\t\t\t\t\t\t\t<img fetchpriority=\"high\" decoding=\"async\" width=\"1024\" height=\"569\" src=\"https:\/\/holaspanishonline.courses\/wp-content\/uploads\/2026\/03\/jimmy-who-am-I-1024x569.jpg\" class=\"attachment-large size-large wp-image-90\" alt=\"\" srcset=\"https:\/\/holaspanishonline.courses\/wp-content\/uploads\/2026\/03\/jimmy-who-am-I-1024x569.jpg 1024w, https:\/\/holaspanishonline.courses\/wp-content\/uploads\/2026\/03\/jimmy-who-am-I-300x167.jpg 300w, https:\/\/holaspanishonline.courses\/wp-content\/uploads\/2026\/03\/jimmy-who-am-I-768x427.jpg 768w, https:\/\/holaspanishonline.courses\/wp-content\/uploads\/2026\/03\/jimmy-who-am-I.jpg 1200w\" sizes=\"(max-width: 1024px) 100vw, 1024px\" \/>\t\t\t\t\t\t\t\t\t\t\t\t\t\t\t<\/div>\n\t\t\t\t\t<\/div>\n\t\t<\/div>\n\t\t\t\t\t<\/div>\n\t\t<\/section>\n\t\t\t\t<section class=\"elementor-section elementor-top-section elementor-element elementor-element-b4917cb elementor-section-full_width elementor-section-height-default elementor-section-height-default\" data-id=\"b4917cb\" data-element_type=\"section\" data-e-type=\"section\">\n\t\t\t\t\t\t<div class=\"elementor-container elementor-column-gap-no\">\n\t\t\t\t\t<div class=\"elementor-column elementor-col-50 elementor-top-column elementor-element elementor-element-2607508\" data-id=\"2607508\" data-element_type=\"column\" data-e-type=\"column\">\n\t\t\t<div class=\"elementor-widget-wrap elementor-element-populated\">\n\t\t\t\t\t\t<div class=\"elementor-element elementor-element-2850bad elementor-widget elementor-widget-image\" data-id=\"2850bad\" data-element_type=\"widget\" data-e-type=\"widget\" data-widget_type=\"image.default\">\n\t\t\t\t\t\t\t\t\t\t\t\t\t\t\t<img decoding=\"async\" width=\"1024\" height=\"565\" src=\"https:\/\/holaspanishonline.courses\/wp-content\/uploads\/2026\/03\/PROVINCE-OF-BARCELONA-6-1024x565.jpg\" class=\"attachment-large size-large wp-image-98\" alt=\"\" srcset=\"https:\/\/holaspanishonline.courses\/wp-content\/uploads\/2026\/03\/PROVINCE-OF-BARCELONA-6-1024x565.jpg 1024w, https:\/\/holaspanishonline.courses\/wp-content\/uploads\/2026\/03\/PROVINCE-OF-BARCELONA-6-300x166.jpg 300w, https:\/\/holaspanishonline.courses\/wp-content\/uploads\/2026\/03\/PROVINCE-OF-BARCELONA-6-768x424.jpg 768w, https:\/\/holaspanishonline.courses\/wp-content\/uploads\/2026\/03\/PROVINCE-OF-BARCELONA-6.jpg 1200w\" sizes=\"(max-width: 1024px) 100vw, 1024px\" \/>\t\t\t\t\t\t\t\t\t\t\t\t\t\t\t<\/div>\n\t\t\t\t\t<\/div>\n\t\t<\/div>\n\t\t\t\t<div class=\"elementor-column elementor-col-50 elementor-top-column elementor-element elementor-element-e0eeafb\" data-id=\"e0eeafb\" data-element_type=\"column\" data-e-type=\"column\">\n\t\t\t<div class=\"elementor-widget-wrap elementor-element-populated\">\n\t\t\t\t\t\t<div class=\"elementor-element elementor-element-da20b72 elementor-widget elementor-widget-text-editor\" data-id=\"da20b72\" data-element_type=\"widget\" data-e-type=\"widget\" data-widget_type=\"text-editor.default\">\n\t\t\t\t\t\t\t\t\t<p>Cela, bien s\u00fbr, a marqu\u00e9 ma vie et je pense que, de mani\u00e8re tr\u00e8s positive, car en plus que\u00e7a a fait que les surnoms qui me donnaient les autres enfants ne duraient pas que quelques jours, je pense que cela m'a aussi aid\u00e9 \u00e0 ressentir quelque chose de diff\u00e9rent .<\/p><p>C'est pourquoi, comme mon nom, je me suis toujours efforc\u00e9 d'offrir quelque chose de diff\u00e9rent et que mes \u00e9tudiants aiment. Et \u00e7a, je pense avoir r\u00e9ussi \u00e0 le transmettre \u00e0 travers mes cours.<\/p><p>Je crois que c'est aussi gr\u00e2ce au fait que j'ai eu la chance et l'opportunit\u00e9 de vivre immerg\u00e9 dans la magie de diff\u00e9rentes cultures, depuis plus de 15 ans. En partageant la joie d'enseigner toutes ces ann\u00e9es \u00e0 des \u00e9tudiants au Mexique, en France, au Canada et en Espagne.<\/p>\t\t\t\t\t\t\t\t<\/div>\n\t\t\t\t\t<\/div>\n\t\t<\/div>\n\t\t\t\t\t<\/div>\n\t\t<\/section>\n\t\t\t\t<section class=\"elementor-section elementor-top-section elementor-element elementor-element-843c259 elementor-section-full_width elementor-section-height-default elementor-section-height-default\" data-id=\"843c259\" data-element_type=\"section\" data-e-type=\"section\">\n\t\t\t\t\t\t<div class=\"elementor-container elementor-column-gap-no\">\n\t\t\t\t\t<div class=\"elementor-column elementor-col-50 elementor-top-column elementor-element elementor-element-5c2c71f\" data-id=\"5c2c71f\" data-element_type=\"column\" data-e-type=\"column\">\n\t\t\t<div class=\"elementor-widget-wrap elementor-element-populated\">\n\t\t\t\t\t\t<div class=\"elementor-element elementor-element-813f7bb elementor-widget elementor-widget-text-editor\" data-id=\"813f7bb\" data-element_type=\"widget\" data-e-type=\"widget\" data-widget_type=\"text-editor.default\">\n\t\t\t\t\t\t\t\t\t<p>Ces exp\u00e9riences, ainsi que ma formation : PhD. En \u00e9tudes ib\u00e9ro-am\u00e9ricaines (Universit\u00e9 de Toulouse, France), Master en \u00e9tudes latino-am\u00e9ricaines (Universit\u00e9 de Toulouse et Madrid, Espagne) et licence en journalisme et communication (Universit\u00e9 nationale autonome du Mexique). Ils ont \u00e9t\u00e9 mes r\u00e9f\u00e9rences pour bien comprendre le monde de l'espagnol d'Am\u00e9rique latine et de l'Espagne, ainsi que toute la richesse de sa culture, pour la partager avec mes \u00e9tudiants.<\/p><p>Alors je vous demande : Aimeriez-vous apprendre l'espagnol et en m\u00eame temps vraiment conna\u00eetre la richesse culturelle de deux mondes : latino-am\u00e9ricain et ib\u00e9rique ?<\/p><p>Si votre r\u00e9ponse est oui, alors amusons-nous ensemble \u00e0 d\u00e9couvrir l'espagnol et sa culture !<\/p>\t\t\t\t\t\t\t\t<\/div>\n\t\t\t\t\t<\/div>\n\t\t<\/div>\n\t\t\t\t<div class=\"elementor-column elementor-col-50 elementor-top-column elementor-element elementor-element-0117264\" data-id=\"0117264\" data-element_type=\"column\" data-e-type=\"column\">\n\t\t\t<div class=\"elementor-widget-wrap elementor-element-populated\">\n\t\t\t\t\t\t<div class=\"elementor-element elementor-element-d1f8eac elementor-widget elementor-widget-image\" data-id=\"d1f8eac\" data-element_type=\"widget\" data-e-type=\"widget\" data-widget_type=\"image.default\">\n\t\t\t\t\t\t\t\t\t\t\t\t\t\t\t<img decoding=\"async\" width=\"1024\" height=\"565\" src=\"https:\/\/holaspanishonline.courses\/wp-content\/uploads\/2026\/03\/PROVINCE-OF-BARCELONA-2-1024x565.jpg\" class=\"attachment-large size-large wp-image-94\" alt=\"\" srcset=\"https:\/\/holaspanishonline.courses\/wp-content\/uploads\/2026\/03\/PROVINCE-OF-BARCELONA-2-1024x565.jpg 1024w, https:\/\/holaspanishonline.courses\/wp-content\/uploads\/2026\/03\/PROVINCE-OF-BARCELONA-2-300x166.jpg 300w, https:\/\/holaspanishonline.courses\/wp-content\/uploads\/2026\/03\/PROVINCE-OF-BARCELONA-2-768x424.jpg 768w, https:\/\/holaspanishonline.courses\/wp-content\/uploads\/2026\/03\/PROVINCE-OF-BARCELONA-2.jpg 1200w\" sizes=\"(max-width: 1024px) 100vw, 1024px\" \/>\t\t\t\t\t\t\t\t\t\t\t\t\t\t\t<\/div>\n\t\t\t\t\t<\/div>\n\t\t<\/div>\n\t\t\t\t\t<\/div>\n\t\t<\/section>\n\t\t\t\t<section class=\"elementor-section elementor-top-section elementor-element elementor-element-4af9402 elementor-section-full_width elementor-section-height-default elementor-section-height-default\" data-id=\"4af9402\" data-element_type=\"section\" data-e-type=\"section\" data-settings=\"{&quot;background_background&quot;:&quot;classic&quot;}\">\n\t\t\t\t\t\t\t<div class=\"elementor-background-overlay\"><\/div>\n\t\t\t\t\t\t\t<div class=\"elementor-container elementor-column-gap-no\">\n\t\t\t\t\t<div class=\"elementor-column elementor-col-100 elementor-top-column elementor-element elementor-element-5d01b2b\" data-id=\"5d01b2b\" data-element_type=\"column\" data-e-type=\"column\">\n\t\t\t<div class=\"elementor-widget-wrap elementor-element-populated\">\n\t\t\t\t\t\t<section class=\"elementor-section elementor-inner-section elementor-element elementor-element-b55983c elementor-section-boxed elementor-section-height-default elementor-section-height-default\" data-id=\"b55983c\" data-element_type=\"section\" data-e-type=\"section\">\n\t\t\t\t\t\t<div class=\"elementor-container elementor-column-gap-default\">\n\t\t\t\t\t<div class=\"elementor-column elementor-col-50 elementor-inner-column elementor-element elementor-element-6d94821\" data-id=\"6d94821\" data-element_type=\"column\" data-e-type=\"column\">\n\t\t\t<div class=\"elementor-widget-wrap elementor-element-populated\">\n\t\t\t\t\t\t<div class=\"elementor-element elementor-element-b23de06 elementor-widget elementor-widget-image\" data-id=\"b23de06\" data-element_type=\"widget\" data-e-type=\"widget\" data-widget_type=\"image.default\">\n\t\t\t\t\t\t\t\t\t\t\t\t\t\t\t<img loading=\"lazy\" decoding=\"async\" width=\"1024\" height=\"686\" src=\"https:\/\/holaspanishonline.courses\/wp-content\/uploads\/2026\/03\/IMG_20210801_183609_3-1-1024x686.jpg\" class=\"attachment-large size-large wp-image-328\" alt=\"\" srcset=\"https:\/\/holaspanishonline.courses\/wp-content\/uploads\/2026\/03\/IMG_20210801_183609_3-1-1024x686.jpg 1024w, https:\/\/holaspanishonline.courses\/wp-content\/uploads\/2026\/03\/IMG_20210801_183609_3-1-300x201.jpg 300w, https:\/\/holaspanishonline.courses\/wp-content\/uploads\/2026\/03\/IMG_20210801_183609_3-1-768x515.jpg 768w, https:\/\/holaspanishonline.courses\/wp-content\/uploads\/2026\/03\/IMG_20210801_183609_3-1-1536x1029.jpg 1536w, https:\/\/holaspanishonline.courses\/wp-content\/uploads\/2026\/03\/IMG_20210801_183609_3-1-2048x1372.jpg 2048w, https:\/\/holaspanishonline.courses\/wp-content\/uploads\/2026\/03\/IMG_20210801_183609_3-1-18x12.jpg 18w\" sizes=\"(max-width: 1024px) 100vw, 1024px\" \/>\t\t\t\t\t\t\t\t\t\t\t\t\t\t\t<\/div>\n\t\t\t\t\t<\/div>\n\t\t<\/div>\n\t\t\t\t<div class=\"elementor-column elementor-col-50 elementor-inner-column elementor-element elementor-element-cd2ecef\" data-id=\"cd2ecef\" data-element_type=\"column\" data-e-type=\"column\">\n\t\t\t<div class=\"elementor-widget-wrap elementor-element-populated\">\n\t\t\t\t\t\t<div class=\"elementor-element elementor-element-fd196a6 elementor-widget elementor-widget-text-editor\" data-id=\"fd196a6\" data-element_type=\"widget\" data-e-type=\"widget\" data-widget_type=\"text-editor.default\">\n\t\t\t\t\t\t\t\t\t<p>Maintenant que vous connaissez mon parcours et ma passion, j'aimerais vous accompagner pour que vous puissiez, vous aussi, vivre la culture espagnole. J'ai con\u00e7u des cours pour tous les niveaux, pens\u00e9s pour vous faire parler d\u00e8s la premi\u00e8re s\u00e9ance.<\/p>\t\t\t\t\t\t\t\t<\/div>\n\t\t\t\t<div class=\"elementor-element elementor-element-860ff9e elementor-mobile-align-center elementor-widget elementor-widget-button\" data-id=\"860ff9e\" data-element_type=\"widget\" data-e-type=\"widget\" data-widget_type=\"button.default\">\n\t\t\t\t\t\t\t\t\t\t<a class=\"elementor-button elementor-button-link elementor-size-sm\" href=\"https:\/\/holaspanishonline.courses\/fr\/cursos\/\">\n\t\t\t\t\t\t<span class=\"elementor-button-content-wrapper\">\n\t\t\t\t\t\t\t\t\t<span class=\"elementor-button-text\">Commencez votre voyage<\/span>\n\t\t\t\t\t<\/span>\n\t\t\t\t\t<\/a>\n\t\t\t\t\t\t\t\t<\/div>\n\t\t\t\t\t<\/div>\n\t\t<\/div>\n\t\t\t\t\t<\/div>\n\t\t<\/section>\n\t\t\t\t\t<\/div>\n\t\t<\/div>\n\t\t\t\t\t<\/div>\n\t\t<\/section>\n\t\t\t\t<\/div>","protected":false},"excerpt":{"rendered":"<p>\u00bfQui\u00e9n es Jimmy? \u00a1Hola! Soy originario del pa\u00eds y de la ciudad con m\u00e1s hispanohablantes en el mundo, es decir, de M\u00e9xico y de su capital la Ciudad de M\u00e9xico. Tal vez te parezca curioso que un profe de espa\u00f1ol como yo se llame Jimmy y s\u00ed, la verdad es que un nombre como el&#8230;<\/p>","protected":false},"author":1,"featured_media":0,"parent":0,"menu_order":0,"comment_status":"closed","ping_status":"closed","template":"","meta":{"_kad_post_transparent":"","_kad_post_title":"hide","_kad_post_layout":"fullwidth","_kad_post_sidebar_id":"","_kad_post_content_style":"unboxed","_kad_post_vertical_padding":"hide","_kad_post_feature":"hide","_kad_post_feature_position":"","_kad_post_header":false,"_kad_post_footer":false,"_kad_post_classname":"","footnotes":""},"class_list":["post-22","page","type-page","status-publish","hentry"],"_links":{"self":[{"href":"https:\/\/holaspanishonline.courses\/fr\/wp-json\/wp\/v2\/pages\/22","targetHints":{"allow":["GET"]}}],"collection":[{"href":"https:\/\/holaspanishonline.courses\/fr\/wp-json\/wp\/v2\/pages"}],"about":[{"href":"https:\/\/holaspanishonline.courses\/fr\/wp-json\/wp\/v2\/types\/page"}],"author":[{"embeddable":true,"href":"https:\/\/holaspanishonline.courses\/fr\/wp-json\/wp\/v2\/users\/1"}],"replies":[{"embeddable":true,"href":"https:\/\/holaspanishonline.courses\/fr\/wp-json\/wp\/v2\/comments?post=22"}],"version-history":[{"count":97,"href":"https:\/\/holaspanishonline.courses\/fr\/wp-json\/wp\/v2\/pages\/22\/revisions"}],"predecessor-version":[{"id":803,"href":"https:\/\/holaspanishonline.courses\/fr\/wp-json\/wp\/v2\/pages\/22\/revisions\/803"}],"wp:attachment":[{"href":"https:\/\/holaspanishonline.courses\/fr\/wp-json\/wp\/v2\/media?parent=22"}],"curies":[{"name":"wp","href":"https:\/\/api.w.org\/{rel}","templated":true}]}}